{"id":3625,"date":"2024-12-18T17:41:22","date_gmt":"2024-12-18T17:41:22","guid":{"rendered":"https:\/\/collectivimetre.org\/?page_id=3625"},"modified":"2025-11-03T15:27:04","modified_gmt":"2025-11-03T15:27:04","slug":"documents","status":"publish","type":"page","link":"https:\/\/collectivimetre.org\/en\/documents\/","title":{"rendered":"Documents"},"content":{"rendered":"<div class=\"wp-block-group is-layout-grid wp-container-core-group-is-layout-9649a0d9 wp-block-group-is-layout-grid\">\n<div class=\"wp-block-columns is-layout-flex wp-container-core-columns-is-layout-9d6595d7 wp-block-columns-is-layout-flex\">\n<div class=\"wp-block-column is-layout-flow wp-block-column-is-layout-flow\" style=\"flex-basis:100%\">\n<div class=\"wp-block-cover\"><span aria-hidden=\"true\" class=\"wp-block-cover__background has-background-dim\"><\/span><div class=\"wp-block-cover__inner-container is-layout-flow wp-block-cover-is-layout-flow\">\n<div class=\"wp-block-group is-layout-grid wp-container-core-group-is-layout-9649a0d9 wp-block-group-is-layout-grid\">\n<div data-wp-interactive=\"core\/file\" class=\"wp-block-file\"><object data-wp-bind--hidden=\"!state.hasPdfPreview\" hidden class=\"wp-block-file__embed\" data=\"https:\/\/collectivimetre.org\/wp-content\/uploads\/2025\/11\/doc-redevalite-TCHERIBA301025_100044_073158-1.pdf\" type=\"application\/pdf\" style=\"width:100%;height:600px\" aria-label=\"Embed of doc redevalit\u00e9-TCHERIBA301025_100044_073158.\"><\/object><a id=\"wp-block-file--media-b353c3d2-21f0-477a-a710-71bfad740585\" href=\"https:\/\/collectivimetre.org\/wp-content\/uploads\/2025\/11\/doc-redevalite-TCHERIBA301025_100044_073158-1.pdf\">doc redevalit\u00e9-TCHERIBA301025_100044_073158<\/a><a href=\"https:\/\/collectivimetre.org\/wp-content\/uploads\/2025\/11\/doc-redevalite-TCHERIBA301025_100044_073158-1.pdf\" class=\"wp-block-file__button wp-element-button\" download aria-describedby=\"wp-block-file--media-b353c3d2-21f0-477a-a710-71bfad740585\">T\u00e9l\u00e9charger<\/a><\/div>\n<\/div>\n<\/div><\/div>\n<\/div>\n<\/div>\n<\/div>\n\n\n<style>.kb-row-layout-id3625_20c017-d4 > .kt-row-column-wrap{align-content:start;}:where(.kb-row-layout-id3625_20c017-d4 > .kt-row-column-wrap) > .wp-block-kadence-column{justify-content:start;}.kb-row-layout-id3625_20c017-d4 > .kt-row-column-wrap{column-gap:var(--global-kb-gap-md, 2rem);row-gap:var(--global-kb-gap-md, 2rem);padding-top:var(--global-kb-spacing-sm, 1.5rem);padding-bottom:var(--global-kb-spacing-sm, 1.5rem);}.kb-row-layout-id3625_20c017-d4 > .kt-row-column-wrap > div:not(.added-for-specificity){grid-column:initial;}.kb-row-layout-id3625_20c017-d4 > .kt-row-column-wrap{grid-template-columns:repeat(3, minmax(0, 1fr));}.kb-row-layout-id3625_20c017-d4 > .kt-row-layout-overlay{opacity:0.30;}@media all and (max-width: 1024px){.kb-row-layout-id3625_20c017-d4 > .kt-row-column-wrap > div:not(.added-for-specificity){grid-column:initial;}}@media all and (max-width: 1024px){.kb-row-layout-id3625_20c017-d4 > .kt-row-column-wrap{grid-template-columns:repeat(3, minmax(0, 1fr));}}@media all and (max-width: 767px){.kb-row-layout-id3625_20c017-d4 > .kt-row-column-wrap > div:not(.added-for-specificity){grid-column:initial;}.kb-row-layout-id3625_20c017-d4 > .kt-row-column-wrap{grid-template-columns:minmax(0, 1fr);}}<\/style><div class=\"kb-row-layout-wrap kb-row-layout-id3625_20c017-d4 alignnone wp-block-kadence-rowlayout\"><div class=\"kt-row-column-wrap kt-has-3-columns kt-row-layout-equal kt-tab-layout-inherit kt-mobile-layout-row kt-row-valign-top\">\n<style>.kadence-column3625_d89ecf-21 > .kt-inside-inner-col,.kadence-column3625_d89ecf-21 > .kt-inside-inner-col:before{border-top-left-radius:0px;border-top-right-radius:0px;border-bottom-right-radius:0px;border-bottom-left-radius:0px;}.kadence-column3625_d89ecf-21 > .kt-inside-inner-col{column-gap:var(--global-kb-gap-sm, 1rem);}.kadence-column3625_d89ecf-21 > .kt-inside-inner-col{flex-direction:column;}.kadence-column3625_d89ecf-21 > .kt-inside-inner-col > .aligncenter{width:100%;}.kadence-column3625_d89ecf-21 > .kt-inside-inner-col:before{opacity:0.3;}.kadence-column3625_d89ecf-21{position:relative;}@media all and (max-width: 1024px){.kadence-column3625_d89ecf-21 > .kt-inside-inner-col{flex-direction:column;justify-content:center;}}@media all and (max-width: 767px){.kadence-column3625_d89ecf-21 > .kt-inside-inner-col{flex-direction:column;justify-content:center;}}<\/style>\n<div class=\"wp-block-kadence-column kadence-column3625_d89ecf-21\"><div class=\"kt-inside-inner-col\">\n<div data-wp-interactive=\"core\/file\" class=\"wp-block-file\"><object data-wp-bind--hidden=\"!state.hasPdfPreview\" hidden class=\"wp-block-file__embed\" data=\"https:\/\/collectivimetre.org\/wp-content\/uploads\/2025\/06\/document-de-la-journee-de-redevabilite-PDS_Bereba.pdf\" type=\"application\/pdf\" style=\"width:100%;height:600px\" aria-label=\"Embed of document de la journ\u00e9e de redevabilite PDS_B\u00e9r\u00e9ba.\"><\/object><a id=\"wp-block-file--media-0a688a91-47c4-49b0-9706-d797df09b236\" href=\"https:\/\/collectivimetre.org\/wp-content\/uploads\/2025\/06\/document-de-la-journee-de-redevabilite-PDS_Bereba.pdf\">document de la journ\u00e9e de redevabilite PDS_B\u00e9r\u00e9ba<\/a><a href=\"https:\/\/collectivimetre.org\/wp-content\/uploads\/2025\/06\/document-de-la-journee-de-redevabilite-PDS_Bereba.pdf\" class=\"wp-block-file__button wp-element-button\" download aria-describedby=\"wp-block-file--media-0a688a91-47c4-49b0-9706-d797df09b236\">T\u00e9l\u00e9charger<\/a><\/div>\n\n\n\n<div data-wp-interactive=\"core\/file\" class=\"wp-block-file\"><object data-wp-bind--hidden=\"!state.hasPdfPreview\" hidden class=\"wp-block-file__embed\" data=\"https:\/\/collectivimetre.org\/wp-content\/uploads\/2025\/07\/ABI_OUARKOYE_-2024.pdf\" type=\"application\/pdf\" style=\"width:100%;height:460px\" aria-label=\"Embed of ABI_OUARKOYE_ 2024.\"><\/object><a id=\"wp-block-file--media-6b9ed68a-c210-4c08-b333-66c80e57f25a\" href=\"https:\/\/collectivimetre.org\/wp-content\/uploads\/2025\/07\/ABI_OUARKOYE_-2024.pdf\">ABI_OUARKOYE_ 2024<\/a><a href=\"https:\/\/collectivimetre.org\/wp-content\/uploads\/2025\/07\/ABI_OUARKOYE_-2024.pdf\" class=\"wp-block-file__button wp-element-button\" download aria-describedby=\"wp-block-file--media-6b9ed68a-c210-4c08-b333-66c80e57f25a\">T\u00e9l\u00e9charger<\/a><\/div>\n\n\n\n<div data-wp-interactive=\"core\/file\" class=\"wp-block-file\"><object data-wp-bind--hidden=\"!state.hasPdfPreview\" hidden class=\"wp-block-file__embed\" data=\"https:\/\/collectivimetre.org\/wp-content\/uploads\/2025\/07\/ABI_TCHERIBA_-2024.pdf\" type=\"application\/pdf\" style=\"width:100%;height:500px\" aria-label=\"Embed of ABI_TCHERIBA_ 2024.\"><\/object><a id=\"wp-block-file--media-f29be1c8-f4f3-4403-b23d-e142321e35ba\" href=\"https:\/\/collectivimetre.org\/wp-content\/uploads\/2025\/07\/ABI_TCHERIBA_-2024.pdf\">ABI_TCHERIBA_ 2024<\/a><a href=\"https:\/\/collectivimetre.org\/wp-content\/uploads\/2025\/07\/ABI_TCHERIBA_-2024.pdf\" class=\"wp-block-file__button wp-element-button\" download aria-describedby=\"wp-block-file--media-f29be1c8-f4f3-4403-b23d-e142321e35ba\">T\u00e9l\u00e9charger<\/a><\/div>\n\n\n\n<div data-wp-interactive=\"core\/file\" class=\"wp-block-file\"><object data-wp-bind--hidden=\"!state.hasPdfPreview\" hidden class=\"wp-block-file__embed\" data=\"https:\/\/collectivimetre.org\/wp-content\/uploads\/2025\/06\/ETUDE-SUR-LES-RECETTES-FISCALES-DU-MARCHE-CENTRAL-DE-HOUNDE.pdf\" type=\"application\/pdf\" style=\"width:100%;height:600px\" aria-label=\"Embed of ETUDE SUR LES RECETTES FISCALES DU MARCHE CENTRAL DE HOUNDE.\"><\/object><a id=\"wp-block-file--media-a3d74875-df6c-4a1d-a7c0-6897b50c563d\" href=\"https:\/\/collectivimetre.org\/wp-content\/uploads\/2025\/06\/ETUDE-SUR-LES-RECETTES-FISCALES-DU-MARCHE-CENTRAL-DE-HOUNDE.pdf\">ETUDE SUR LES RECETTES FISCALES DU MARCHE CENTRAL DE HOUNDE<\/a><a href=\"https:\/\/collectivimetre.org\/wp-content\/uploads\/2025\/06\/ETUDE-SUR-LES-RECETTES-FISCALES-DU-MARCHE-CENTRAL-DE-HOUNDE.pdf\" class=\"wp-block-file__button wp-element-button\" download aria-describedby=\"wp-block-file--media-a3d74875-df6c-4a1d-a7c0-6897b50c563d\">T\u00e9l\u00e9charger<\/a><\/div>\n<\/div><\/div>\n\n\n<style>.kadence-column3625_05d686-b3 > .kt-inside-inner-col,.kadence-column3625_05d686-b3 > .kt-inside-inner-col:before{border-top-left-radius:0px;border-top-right-radius:0px;border-bottom-right-radius:0px;border-bottom-left-radius:0px;}.kadence-column3625_05d686-b3 > .kt-inside-inner-col{column-gap:var(--global-kb-gap-sm, 1rem);}.kadence-column3625_05d686-b3 > .kt-inside-inner-col{flex-direction:column;}.kadence-column3625_05d686-b3 > .kt-inside-inner-col > .aligncenter{width:100%;}.kadence-column3625_05d686-b3 > .kt-inside-inner-col:before{opacity:0.3;}.kadence-column3625_05d686-b3{position:relative;}@media all and (max-width: 1024px){.kadence-column3625_05d686-b3 > .kt-inside-inner-col{flex-direction:column;justify-content:center;}}@media all and (max-width: 767px){.kadence-column3625_05d686-b3 > .kt-inside-inner-col{flex-direction:column;justify-content:center;}}<\/style>\n<div class=\"wp-block-kadence-column kadence-column3625_05d686-b3\"><div class=\"kt-inside-inner-col\">\n<div data-wp-interactive=\"core\/file\" class=\"wp-block-file\"><object data-wp-bind--hidden=\"!state.hasPdfPreview\" hidden class=\"wp-block-file__embed\" data=\"https:\/\/collectivimetre.org\/wp-content\/uploads\/2025\/07\/ABI_BEREBA_-2024.pdf\" type=\"application\/pdf\" style=\"width:100%;height:460px\" aria-label=\"Embed of ABI_BEREBA_ 2024.\"><\/object><a id=\"wp-block-file--media-c42d31a8-215c-490a-b2fc-bb4646874f39\" href=\"https:\/\/collectivimetre.org\/wp-content\/uploads\/2025\/07\/ABI_BEREBA_-2024.pdf\">ABI_BEREBA_ 2024<\/a><a href=\"https:\/\/collectivimetre.org\/wp-content\/uploads\/2025\/07\/ABI_BEREBA_-2024.pdf\" class=\"wp-block-file__button wp-element-button\" download aria-describedby=\"wp-block-file--media-c42d31a8-215c-490a-b2fc-bb4646874f39\">T\u00e9l\u00e9charger<\/a><\/div>\n\n\n\n<div data-wp-interactive=\"core\/file\" class=\"wp-block-file\"><object data-wp-bind--hidden=\"!state.hasPdfPreview\" hidden class=\"wp-block-file__embed\" data=\"https:\/\/collectivimetre.org\/wp-content\/uploads\/2025\/07\/ABI_PELLA_-2024.pdf\" type=\"application\/pdf\" style=\"width:100%;height:500px\" aria-label=\"Embed of ABI_PELLA_ 2024.\"><\/object><a id=\"wp-block-file--media-448c2978-1076-4639-95f8-39f200c5ebf4\" href=\"https:\/\/collectivimetre.org\/wp-content\/uploads\/2025\/07\/ABI_PELLA_-2024.pdf\">ABI_PELLA_ 2024<\/a><a href=\"https:\/\/collectivimetre.org\/wp-content\/uploads\/2025\/07\/ABI_PELLA_-2024.pdf\" class=\"wp-block-file__button wp-element-button\" download aria-describedby=\"wp-block-file--media-448c2978-1076-4639-95f8-39f200c5ebf4\">T\u00e9l\u00e9charger<\/a><\/div>\n\n\n\n<p><\/p>\n<\/div><\/div>\n\n\n<style>.kadence-column3625_cf0c3d-73 > .kt-inside-inner-col,.kadence-column3625_cf0c3d-73 > .kt-inside-inner-col:before{border-top-left-radius:0px;border-top-right-radius:0px;border-bottom-right-radius:0px;border-bottom-left-radius:0px;}.kadence-column3625_cf0c3d-73 > .kt-inside-inner-col{column-gap:var(--global-kb-gap-sm, 1rem);}.kadence-column3625_cf0c3d-73 > .kt-inside-inner-col{flex-direction:column;}.kadence-column3625_cf0c3d-73 > .kt-inside-inner-col > .aligncenter{width:100%;}.kadence-column3625_cf0c3d-73 > .kt-inside-inner-col:before{opacity:0.3;}.kadence-column3625_cf0c3d-73{position:relative;}@media all and (max-width: 1024px){.kadence-column3625_cf0c3d-73 > .kt-inside-inner-col{flex-direction:column;justify-content:center;}}@media all and (max-width: 767px){.kadence-column3625_cf0c3d-73 > .kt-inside-inner-col{flex-direction:column;justify-content:center;}}<\/style>\n<div class=\"wp-block-kadence-column kadence-column3625_cf0c3d-73\"><div class=\"kt-inside-inner-col\">\n<div data-wp-interactive=\"core\/file\" class=\"wp-block-file\"><object data-wp-bind--hidden=\"!state.hasPdfPreview\" hidden class=\"wp-block-file__embed\" data=\"https:\/\/collectivimetre.org\/wp-content\/uploads\/2025\/07\/ABI_BOROMO_-2024.pdf\" type=\"application\/pdf\" style=\"width:100%;height:480px\" aria-label=\"Embed of ABI_BOROMO_ 2024.\"><\/object><a id=\"wp-block-file--media-8c065cba-51ec-4844-a87e-bd01d77456e0\" href=\"https:\/\/collectivimetre.org\/wp-content\/uploads\/2025\/07\/ABI_BOROMO_-2024.pdf\">ABI_BOROMO_ 2024<\/a><a href=\"https:\/\/collectivimetre.org\/wp-content\/uploads\/2025\/07\/ABI_BOROMO_-2024.pdf\" class=\"wp-block-file__button wp-element-button\" download aria-describedby=\"wp-block-file--media-8c065cba-51ec-4844-a87e-bd01d77456e0\">T\u00e9l\u00e9charger<\/a><\/div>\n\n\n\n<div data-wp-interactive=\"core\/file\" class=\"wp-block-file\"><object data-wp-bind--hidden=\"!state.hasPdfPreview\" hidden class=\"wp-block-file__embed\" data=\"https:\/\/collectivimetre.org\/wp-content\/uploads\/2025\/07\/ABI_IMASGO_-2024.pdf\" type=\"application\/pdf\" style=\"width:100%;height:480px\" aria-label=\"Embed of ABI_IMASGO_ 2024.\"><\/object><a id=\"wp-block-file--media-fd5a5451-2d82-4eee-ae0f-85559b1abeaa\" href=\"https:\/\/collectivimetre.org\/wp-content\/uploads\/2025\/07\/ABI_IMASGO_-2024.pdf\">ABI_IMASGO_ 2024<\/a><a href=\"https:\/\/collectivimetre.org\/wp-content\/uploads\/2025\/07\/ABI_IMASGO_-2024.pdf\" class=\"wp-block-file__button wp-element-button\" download aria-describedby=\"wp-block-file--media-fd5a5451-2d82-4eee-ae0f-85559b1abeaa\">T\u00e9l\u00e9charger<\/a><\/div>\n<\/div><\/div>\n\n<\/div><\/div>\n\n\n<p><\/p>","protected":false},"excerpt":{"rendered":"","protected":false},"author":1,"featured_media":0,"parent":0,"menu_order":0,"comment_status":"closed","ping_status":"closed","template":"","meta":{"_bbp_topic_count":0,"_bbp_reply_count":0,"_bbp_total_topic_count":0,"_bbp_total_reply_count":0,"_bbp_voice_count":0,"_bbp_anonymous_reply_count":0,"_bbp_topic_count_hidden":0,"_bbp_reply_count_hidden":0,"_bbp_forum_subforum_count":0,"_kadence_starter_templates_imported_post":false,"_kad_post_transparent":"disable","_kad_post_title":"","_kad_post_layout":"fullwidth","_kad_post_sidebar_id":"","_kad_post_content_style":"boxed","_kad_post_vertical_padding":"","_kad_post_feature":"default","_kad_post_feature_position":"","_kad_post_header":false,"_kad_post_footer":false,"footnotes":""},"class_list":["post-3625","page","type-page","status-publish","hentry"],"_links":{"self":[{"href":"https:\/\/collectivimetre.org\/en\/wp-json\/wp\/v2\/pages\/3625","targetHints":{"allow":["GET"]}}],"collection":[{"href":"https:\/\/collectivimetre.org\/en\/wp-json\/wp\/v2\/pages"}],"about":[{"href":"https:\/\/collectivimetre.org\/en\/wp-json\/wp\/v2\/types\/page"}],"author":[{"embeddable":true,"href":"https:\/\/collectivimetre.org\/en\/wp-json\/wp\/v2\/users\/1"}],"replies":[{"embeddable":true,"href":"https:\/\/collectivimetre.org\/en\/wp-json\/wp\/v2\/comments?post=3625"}],"version-history":[{"count":15,"href":"https:\/\/collectivimetre.org\/en\/wp-json\/wp\/v2\/pages\/3625\/revisions"}],"predecessor-version":[{"id":13542,"href":"https:\/\/collectivimetre.org\/en\/wp-json\/wp\/v2\/pages\/3625\/revisions\/13542"}],"wp:attachment":[{"href":"https:\/\/collectivimetre.org\/en\/wp-json\/wp\/v2\/media?parent=3625"}],"curies":[{"name":"wp","href":"https:\/\/api.w.org\/{rel}","templated":true}]}}