{"id":20,"date":"2021-10-12T15:21:19","date_gmt":"2021-10-12T15:21:19","guid":{"rendered":"https:\/\/startertemplatecloud.com\/g14\/?page_id=20"},"modified":"2024-10-01T16:11:09","modified_gmt":"2024-10-01T16:11:09","slug":"forum","status":"publish","type":"page","link":"https:\/\/collectivimetre.org\/en\/forum\/","title":{"rendered":"Forum"},"content":{"rendered":"<style>.kb-row-layout-id20_341e73-4f > .kt-row-column-wrap{align-content:start;}:where(.kb-row-layout-id20_341e73-4f > .kt-row-column-wrap) > .wp-block-kadence-column{justify-content:start;}.kb-row-layout-id20_341e73-4f > .kt-row-column-wrap{column-gap:var(--global-kb-gap-md, 2rem);row-gap:var(--global-kb-gap-md, 2rem);max-width:var( --global-content-width, 1290px );padding-left:var(--global-content-edge-padding);padding-right:var(--global-content-edge-padding);padding-top:150px;padding-bottom:80px;grid-template-columns:minmax(0, 1fr);}.kb-row-layout-id20_341e73-4f{background-image:url('https:\/\/collectivimetre.org\/wp-content\/uploads\/2021\/07\/Layer-0.jpg');background-size:cover;background-position:center center;background-attachment:scroll;background-repeat:no-repeat;}.kb-row-layout-id20_341e73-4f > .kt-row-layout-overlay{opacity:0.85;background-color:var(--global-palette9, #ffffff);}@media all and (max-width: 1024px){.kb-row-layout-id20_341e73-4f > .kt-row-column-wrap{grid-template-columns:minmax(0, 1fr);}}@media all and (max-width: 767px){.kb-row-layout-id20_341e73-4f > .kt-row-column-wrap{grid-template-columns:minmax(0, 1fr);}}<\/style><div class=\"kb-row-layout-wrap kb-row-layout-id20_341e73-4f alignnone kt-row-has-bg animated zoomInUp wp-block-kadence-rowlayout\"><div class=\"kt-row-layout-overlay kt-row-overlay-normal\"><\/div><div class=\"kt-row-column-wrap kt-has-1-columns kt-row-layout-equal kt-tab-layout-inherit kt-mobile-layout-row kt-row-valign-top kb-theme-content-width\">\n<style>.kadence-column20_68ef6f-93 > .kt-inside-inner-col,.kadence-column20_68ef6f-93 > .kt-inside-inner-col:before{border-top-left-radius:0px;border-top-right-radius:0px;border-bottom-right-radius:0px;border-bottom-left-radius:0px;}.kadence-column20_68ef6f-93 > .kt-inside-inner-col{column-gap:var(--global-kb-gap-sm, 1rem);}.kadence-column20_68ef6f-93 > .kt-inside-inner-col{flex-direction:column;}.kadence-column20_68ef6f-93 > .kt-inside-inner-col > .aligncenter{width:100%;}.kadence-column20_68ef6f-93 > .kt-inside-inner-col:before{opacity:0.3;}.kadence-column20_68ef6f-93{position:relative;}@media all and (max-width: 1024px){.kadence-column20_68ef6f-93 > .kt-inside-inner-col{flex-direction:column;justify-content:center;}}@media all and (max-width: 767px){.kadence-column20_68ef6f-93 > .kt-inside-inner-col{flex-direction:column;justify-content:center;}}<\/style>\n<div class=\"wp-block-kadence-column kadence-column20_68ef6f-93 inner-column-1\"><div class=\"kt-inside-inner-col\"><style>.wp-block-kadence-advancedheading.kt-adv-heading20_0bf1e5-6d, .wp-block-kadence-advancedheading.kt-adv-heading20_0bf1e5-6d[data-kb-block=\"kb-adv-heading20_0bf1e5-6d\"]{text-align:center;font-style:normal;}.wp-block-kadence-advancedheading.kt-adv-heading20_0bf1e5-6d mark.kt-highlight, .wp-block-kadence-advancedheading.kt-adv-heading20_0bf1e5-6d[data-kb-block=\"kb-adv-heading20_0bf1e5-6d\"] mark.kt-highlight{font-style:normal;color:#f76a0c;-webkit-box-decoration-break:clone;box-decoration-break:clone;padding-top:0px;padding-right:0px;padding-bottom:0px;padding-left:0px;}<\/style>\n<h1 class=\"kt-adv-heading20_0bf1e5-6d wp-block-kadence-advancedheading has-theme-palette-3-color has-text-color\" data-kb-block=\"kb-adv-heading20_0bf1e5-6d\">Bienvenue dans le Forum de Collectivim\u00e8tre ! \ud83d\udde3\ufe0f&nbsp;<\/h1>\n\n\n<style>.wp-block-kadence-advancedheading.kt-adv-heading20_297292-4f, .wp-block-kadence-advancedheading.kt-adv-heading20_297292-4f[data-kb-block=\"kb-adv-heading20_297292-4f\"]{text-align:center;font-style:normal;}.wp-block-kadence-advancedheading.kt-adv-heading20_297292-4f mark.kt-highlight, .wp-block-kadence-advancedheading.kt-adv-heading20_297292-4f[data-kb-block=\"kb-adv-heading20_297292-4f\"] mark.kt-highlight{font-style:normal;color:#f76a0c;-webkit-box-decoration-break:clone;box-decoration-break:clone;padding-top:0px;padding-right:0px;padding-bottom:0px;padding-left:0px;}<\/style>\n<p class=\"kt-adv-heading20_297292-4f wp-block-kadence-advancedheading has-theme-palette-4-color has-text-color\" data-kb-block=\"kb-adv-heading20_297292-4f\">Cet espace est fait pour toi. Discute, partage tes id\u00e9es, et fais entendre ta voix sur les sujets qui te tiennent \u00e0 c\u0153ur concernant la gestion de ta commune<\/p>\n<\/div><\/div>\n\n<\/div><\/div>\n\n<style>.kb-row-layout-id20_3be68a-ab > .kt-row-column-wrap{align-content:start;}:where(.kb-row-layout-id20_3be68a-ab > .kt-row-column-wrap) > .wp-block-kadence-column{justify-content:start;}.kb-row-layout-id20_3be68a-ab > .kt-row-column-wrap{column-gap:var(--global-kb-gap-md, 2rem);row-gap:var(--global-kb-gap-md, 2rem);padding-top:var(--global-kb-spacing-sm, 1.5rem);padding-bottom:var(--global-kb-spacing-sm, 1.5rem);grid-template-columns:minmax(0, 1fr);}.kb-row-layout-id20_3be68a-ab > .kt-row-layout-overlay{opacity:0.30;}@media all and (max-width: 1024px){.kb-row-layout-id20_3be68a-ab > .kt-row-column-wrap{grid-template-columns:minmax(0, 1fr);}}@media all and (max-width: 767px){.kb-row-layout-id20_3be68a-ab > .kt-row-column-wrap{grid-template-columns:minmax(0, 1fr);}}<\/style><div class=\"kb-row-layout-wrap kb-row-layout-id20_3be68a-ab alignnone wp-block-kadence-rowlayout\"><div class=\"kt-row-column-wrap kt-has-1-columns kt-row-layout-equal kt-tab-layout-inherit kt-mobile-layout-row kt-row-valign-top\">\n<style>.kadence-column20_b11a31-bd > .kt-inside-inner-col,.kadence-column20_b11a31-bd > .kt-inside-inner-col:before{border-top-left-radius:0px;border-top-right-radius:0px;border-bottom-right-radius:0px;border-bottom-left-radius:0px;}.kadence-column20_b11a31-bd > .kt-inside-inner-col{column-gap:var(--global-kb-gap-sm, 1rem);}.kadence-column20_b11a31-bd > .kt-inside-inner-col{flex-direction:column;}.kadence-column20_b11a31-bd > .kt-inside-inner-col > .aligncenter{width:100%;}.kadence-column20_b11a31-bd > .kt-inside-inner-col{background-color:var(--global-palette9, #ffffff);}.kadence-column20_b11a31-bd > .kt-inside-inner-col:before{opacity:0.3;}.kadence-column20_b11a31-bd{position:relative;}@media all and (max-width: 1024px){.kadence-column20_b11a31-bd > .kt-inside-inner-col{flex-direction:column;justify-content:center;}}@media all and (max-width: 767px){.kadence-column20_b11a31-bd > .kt-inside-inner-col{flex-direction:column;justify-content:center;}}<\/style>\n<div class=\"wp-block-kadence-column kadence-column20_b11a31-bd animated flip\"><div class=\"kt-inside-inner-col\">\n<div class=\"wp-block-buttons is-content-justification-center is-layout-flex wp-container-core-buttons-is-layout-16018d1d wp-block-buttons-is-layout-flex\">\n<div class=\"wp-block-button is-style-fill\"><a class=\"wp-block-button__link wp-element-button\" href=\"https:\/\/collectivimetre.org\/en\/forums\/\" style=\"padding-top:var(--wp--preset--spacing--40);padding-right:var(--wp--preset--spacing--80);padding-bottom:var(--wp--preset--spacing--40);padding-left:var(--wp--preset--spacing--80)\"><strong>DISCUTEZ LIBREMENT <\/strong><\/a><\/div>\n<\/div>\n<\/div><\/div>\n\n<\/div><\/div>\n\n<style>.kb-row-layout-id20_98bbd3-46 > .kt-row-column-wrap{align-content:start;}:where(.kb-row-layout-id20_98bbd3-46 > .kt-row-column-wrap) > .wp-block-kadence-column{justify-content:start;}.kb-row-layout-id20_98bbd3-46 > .kt-row-column-wrap{column-gap:80px;row-gap:var(--global-kb-gap-md, 2rem);max-width:var( --global-content-width, 1290px );padding-left:var(--global-content-edge-padding);padding-right:var(--global-content-edge-padding);padding-top:80px;padding-bottom:80px;grid-template-columns:minmax(0, 1fr);}.kb-row-layout-id20_98bbd3-46{background-image:url('https:\/\/collectivimetre.org\/wp-content\/uploads\/2024\/09\/OXFAM-Zorgho-2023-4549-scaled.jpg');background-size:cover;background-position:20% 48%;background-attachment:fixed;background-repeat:no-repeat;}.kb-row-layout-id20_98bbd3-46 > .kt-row-layout-overlay{opacity:0.56;background-color:var(--global-palette3, #1A202C);}@media all and (max-width: 1024px), only screen and (min-device-width: 1024px) and (max-device-width: 1366px) and (-webkit-min-device-pixel-ratio: 2) and (hover: none){.kb-row-layout-id20_98bbd3-46{background-attachment:scroll;}}@media all and (max-width: 1024px){.kb-row-layout-id20_98bbd3-46 > .kt-row-column-wrap{grid-template-columns:minmax(0, 1fr);}}@media all and (max-width: 767px){.kb-row-layout-id20_98bbd3-46 > .kt-row-column-wrap{grid-template-columns:minmax(0, 1fr);}}<\/style><div class=\"kb-row-layout-wrap kb-row-layout-id20_98bbd3-46 alignnone kt-row-has-bg wp-block-kadence-rowlayout\"><div class=\"kt-row-layout-overlay kt-row-overlay-normal\"><\/div><div class=\"kt-row-column-wrap kt-has-1-columns kt-row-layout-equal kt-tab-layout-inherit kt-mobile-layout-row kt-row-valign-top kb-theme-content-width\">\n<style>.kadence-column20_a6df47-93 > .kt-inside-inner-col,.kadence-column20_a6df47-93 > .kt-inside-inner-col:before{border-top-left-radius:0px;border-top-right-radius:0px;border-bottom-right-radius:0px;border-bottom-left-radius:0px;}.kadence-column20_a6df47-93 > .kt-inside-inner-col{column-gap:var(--global-kb-gap-sm, 1rem);}.kadence-column20_a6df47-93 > .kt-inside-inner-col{flex-direction:column;}.kadence-column20_a6df47-93 > .kt-inside-inner-col > .aligncenter{width:100%;}.kadence-column20_a6df47-93 > .kt-inside-inner-col:before{opacity:0.3;}.kadence-column20_a6df47-93{position:relative;}@media all and (max-width: 1024px){.kadence-column20_a6df47-93 > .kt-inside-inner-col{flex-direction:column;justify-content:center;}}@media all and (max-width: 767px){.kadence-column20_a6df47-93 > .kt-inside-inner-col{flex-direction:column;justify-content:center;}}<\/style>\n<div class=\"wp-block-kadence-column kadence-column20_a6df47-93 inner-column-1\"><div class=\"kt-inside-inner-col\"><style>.wp-block-kadence-advancedheading.kt-adv-heading20_f37a31-0b, .wp-block-kadence-advancedheading.kt-adv-heading20_f37a31-0b[data-kb-block=\"kb-adv-heading20_f37a31-0b\"]{font-style:normal;}.wp-block-kadence-advancedheading.kt-adv-heading20_f37a31-0b mark.kt-highlight, .wp-block-kadence-advancedheading.kt-adv-heading20_f37a31-0b[data-kb-block=\"kb-adv-heading20_f37a31-0b\"] mark.kt-highlight{font-style:normal;color:#f76a0c;-webkit-box-decoration-break:clone;box-decoration-break:clone;padding-top:0px;padding-right:0px;padding-bottom:0px;padding-left:0px;}<\/style>\n<h6 class=\"kt-adv-heading20_f37a31-0b animated fadeInUp wp-block-kadence-advancedheading has-theme-palette-9-color has-text-color\" data-kb-block=\"kb-adv-heading20_f37a31-0b\">Forum<\/h6>\n\n\n<style>.wp-block-kadence-advancedheading.kt-adv-heading20_ff4295-21, .wp-block-kadence-advancedheading.kt-adv-heading20_ff4295-21[data-kb-block=\"kb-adv-heading20_ff4295-21\"]{font-style:normal;}.wp-block-kadence-advancedheading.kt-adv-heading20_ff4295-21 mark.kt-highlight, .wp-block-kadence-advancedheading.kt-adv-heading20_ff4295-21[data-kb-block=\"kb-adv-heading20_ff4295-21\"] mark.kt-highlight{font-style:normal;color:#f76a0c;-webkit-box-decoration-break:clone;box-decoration-break:clone;padding-top:0px;padding-right:0px;padding-bottom:0px;padding-left:0px;}@media all and (max-width: 767px){.wp-block-kadence-advancedheading.kt-adv-heading20_ff4295-21, .wp-block-kadence-advancedheading.kt-adv-heading20_ff4295-21[data-kb-block=\"kb-adv-heading20_ff4295-21\"]{font-size:28px;}}<\/style>\n<h2 class=\"kt-adv-heading20_ff4295-21 animated fadeInUp wp-block-kadence-advancedheading has-theme-palette-9-color has-text-color\" data-kb-block=\"kb-adv-heading20_ff4295-21\">Cet espace est fait pour toi. Ici, c\u2019est libre expression totale !<\/h2>\n\n\n<style>.wp-block-kadence-advancedheading.kt-adv-heading20_ccf0e3-3f, .wp-block-kadence-advancedheading.kt-adv-heading20_ccf0e3-3f[data-kb-block=\"kb-adv-heading20_ccf0e3-3f\"]{font-style:normal;}.wp-block-kadence-advancedheading.kt-adv-heading20_ccf0e3-3f mark.kt-highlight, .wp-block-kadence-advancedheading.kt-adv-heading20_ccf0e3-3f[data-kb-block=\"kb-adv-heading20_ccf0e3-3f\"] mark.kt-highlight{font-style:normal;color:#f76a0c;-webkit-box-decoration-break:clone;box-decoration-break:clone;padding-top:0px;padding-right:0px;padding-bottom:0px;padding-left:0px;}<\/style>\n<p class=\"kt-adv-heading20_ccf0e3-3f animated fadeInUp wp-block-kadence-advancedheading has-theme-palette-9-color has-text-color\" data-kb-block=\"kb-adv-heading20_ccf0e3-3f\">\ud83d\udcacQue tu aies une id\u00e9e g\u00e9niale, une question qui te turlupine ou juste envie de partager ton avis, n\u2019h\u00e9site pas.  des projets que tu aimerais voir ou des am\u00e9liorations que tu souhaites. \ud83c\udfaf<\/p>\n\n\n<style>.wp-block-kadence-iconlist.kt-svg-icon-list-items20_094f42-9b:not(.this-stops-third-party-issues){margin-top:0px;margin-bottom:0px;}.wp-block-kadence-iconlist.kt-svg-icon-list-items20_094f42-9b ul.kt-svg-icon-list:not(.this-prevents-issues):not(.this-stops-third-party-issues):not(.tijsloc){margin-top:0px;margin-right:0px;margin-bottom:10px;margin-left:0px;}.wp-block-kadence-iconlist.kt-svg-icon-list-items20_094f42-9b ul.kt-svg-icon-list{grid-row-gap:5px;}.wp-block-kadence-iconlist.kt-svg-icon-list-items20_094f42-9b ul.kt-svg-icon-list .kt-svg-icon-list-item-wrap .kt-svg-icon-list-single{margin-right:10px;}.kt-svg-icon-list-items20_094f42-9b ul.kt-svg-icon-list .kt-svg-icon-list-item-wrap, .kt-svg-icon-list-items20_094f42-9b ul.kt-svg-icon-list .kt-svg-icon-list-item-wrap a{color:var(--global-palette9, #ffffff);color:var(--global-palette9, #ffffff);}@media all and (min-width: 1025px){.wp-block-kadence-iconlist.kt-svg-icon-list-items20_094f42-9b:not(.kt-svg-icon-list-columns-1) ul.kt-svg-icon-list .kt-svg-icon-list-item-wrap:not(:last-child){margin:0px;}}@media all and (min-width: 768px) and (max-width: 1024px){.wp-block-kadence-iconlist.kt-svg-icon-list-items20_094f42-9b:not(.kt-tablet-svg-icon-list-columns-1) ul.kt-svg-icon-list .kt-svg-icon-list-item-wrap:not(:last-child){margin:0px;}}<\/style>\n<div class=\"wp-block-kadence-iconlist kt-svg-icon-list-items kt-svg-icon-list-items20_094f42-9b kt-svg-icon-list-columns-2 alignnone kt-mobile-svg-icon-list-columns-1\"><ul class=\"kt-svg-icon-list\"><style>.kt-svg-icon-list-item-20_d66411-65 .kt-svg-icon-list-single{font-size:20px !important;color:var(--global-palette1, #3182CE) !important;}.kt-svg-icon-list-item-20_d66411-65 .kt-svg-icon-list-text mark.kt-highlight{background-color:unset;font-style:normal;color:#f76a0c;-webkit-box-decoration-break:clone;box-decoration-break:clone;padding-top:0px;padding-right:0px;padding-bottom:0px;padding-left:0px;}<\/style>\n<li class=\"wp-block-kadence-listitem kt-svg-icon-list-item-wrap kt-svg-icon-list-item-20_d66411-65 kt-svg-icon-list-style-default\"><span class=\"kb-svg-icon-wrap kb-svg-icon-fas_check-circle kt-svg-icon-list-single\"><svg viewbox=\"0 0 512 512\"  fill=\"currentColor\" xmlns=\"http:\/\/www.w3.org\/2000\/svg\"  aria-hidden=\"true\"><path d=\"M504 256c0 136.967-111.033 248-248 248S8 392.967 8 256 119.033 8 256 8s248 111.033 248 248zM227.314 387.314l184-184c6.248-6.248 6.248-16.379 0-22.627l-22.627-22.627c-6.248-6.249-16.379-6.249-22.628 0L216 308.118l-70.059-70.059c-6.248-6.248-16.379-6.248-22.628 0l-22.627 22.627c-6.248 6.248-6.248 16.379 0 22.627l104 104c6.249 6.249 16.379 6.249 22.628.001z\"\/><\/svg><\/span><span class=\"kt-svg-icon-list-text\">Parle-nous de ce qui se passe dans ta commune.<\/span><\/li>\n\n\n<style>.kt-svg-icon-list-item-20_589d62-a8 .kt-svg-icon-list-single{font-size:20px !important;color:var(--global-palette1, #3182CE) !important;}.kt-svg-icon-list-item-20_589d62-a8 .kt-svg-icon-list-text mark.kt-highlight{background-color:unset;font-style:normal;color:#f76a0c;-webkit-box-decoration-break:clone;box-decoration-break:clone;padding-top:0px;padding-right:0px;padding-bottom:0px;padding-left:0px;}<\/style>\n<li class=\"wp-block-kadence-listitem kt-svg-icon-list-item-wrap kt-svg-icon-list-item-20_589d62-a8 kt-svg-icon-list-style-default\"><span class=\"kb-svg-icon-wrap kb-svg-icon-fas_check-circle kt-svg-icon-list-single\"><svg viewbox=\"0 0 512 512\"  fill=\"currentColor\" xmlns=\"http:\/\/www.w3.org\/2000\/svg\"  aria-hidden=\"true\"><path d=\"M504 256c0 136.967-111.033 248-248 248S8 392.967 8 256 119.033 8 256 8s248 111.033 248 248zM227.314 387.314l184-184c6.248-6.248 6.248-16.379 0-22.627l-22.627-22.627c-6.248-6.249-16.379-6.249-22.628 0L216 308.118l-70.059-70.059c-6.248-6.248-16.379-6.248-22.628 0l-22.627 22.627c-6.248 6.248-6.248 16.379 0 22.627l104 104c6.249 6.249 16.379 6.249 22.628.001z\"\/><\/svg><\/span><span class=\"kt-svg-icon-list-text\">D\u00e9bat passionn\u00e9ment.<\/span><\/li>\n\n\n<style>.kt-svg-icon-list-item-20_b78676-c9 .kt-svg-icon-list-single{font-size:20px !important;color:var(--global-palette1, #3182CE) !important;}.kt-svg-icon-list-item-20_b78676-c9 .kt-svg-icon-list-text mark.kt-highlight{background-color:unset;font-style:normal;color:#f76a0c;-webkit-box-decoration-break:clone;box-decoration-break:clone;padding-top:0px;padding-right:0px;padding-bottom:0px;padding-left:0px;}<\/style>\n<li class=\"wp-block-kadence-listitem kt-svg-icon-list-item-wrap kt-svg-icon-list-item-20_b78676-c9 kt-svg-icon-list-style-default\"><span class=\"kb-svg-icon-wrap kb-svg-icon-fas_check-circle kt-svg-icon-list-single\"><svg viewbox=\"0 0 512 512\"  fill=\"currentColor\" xmlns=\"http:\/\/www.w3.org\/2000\/svg\"  aria-hidden=\"true\"><path d=\"M504 256c0 136.967-111.033 248-248 248S8 392.967 8 256 119.033 8 256 8s248 111.033 248 248zM227.314 387.314l184-184c6.248-6.248 6.248-16.379 0-22.627l-22.627-22.627c-6.248-6.249-16.379-6.249-22.628 0L216 308.118l-70.059-70.059c-6.248-6.248-16.379-6.248-22.628 0l-22.627 22.627c-6.248 6.248-6.248 16.379 0 22.627l104 104c6.249 6.249 16.379 6.249 22.628.001z\"\/><\/svg><\/span><span class=\"kt-svg-icon-list-text\">Rencontre des citoyens comme toi.<\/span><\/li>\n\n\n<style>.kt-svg-icon-list-item-20_e79ea6-8e .kt-svg-icon-list-single{font-size:20px !important;color:var(--global-palette1, #3182CE) !important;}.kt-svg-icon-list-item-20_e79ea6-8e .kt-svg-icon-list-text mark.kt-highlight{background-color:unset;font-style:normal;color:#f76a0c;-webkit-box-decoration-break:clone;box-decoration-break:clone;padding-top:0px;padding-right:0px;padding-bottom:0px;padding-left:0px;}<\/style>\n<li class=\"wp-block-kadence-listitem kt-svg-icon-list-item-wrap kt-svg-icon-list-item-20_e79ea6-8e kt-svg-icon-list-style-default\"><span class=\"kb-svg-icon-wrap kb-svg-icon-fas_check-circle kt-svg-icon-list-single\"><svg viewbox=\"0 0 512 512\"  fill=\"currentColor\" xmlns=\"http:\/\/www.w3.org\/2000\/svg\"  aria-hidden=\"true\"><path d=\"M504 256c0 136.967-111.033 248-248 248S8 392.967 8 256 119.033 8 256 8s248 111.033 248 248zM227.314 387.314l184-184c6.248-6.248 6.248-16.379 0-22.627l-22.627-22.627c-6.248-6.249-16.379-6.249-22.628 0L216 308.118l-70.059-70.059c-6.248-6.248-16.379-6.248-22.628 0l-22.627 22.627c-6.248 6.248-6.248 16.379 0 22.627l104 104c6.249 6.249 16.379 6.249 22.628.001z\"\/><\/svg><\/span><span class=\"kt-svg-icon-list-text\">Trouve des solutions ensemble.<\/span><\/li>\n<\/ul><\/div>\n\n\n<style>.wp-block-kadence-advancedbtn.kb-btns20_5f50e7-60{gap:var(--global-kb-gap-xs, 0.5rem );justify-content:flex-start;align-items:center;}.kt-btns20_5f50e7-60 .kt-button{font-weight:normal;font-style:normal;}@media all and (max-width: 767px){.wp-block-kadence-advancedbtn.kb-btns20_5f50e7-60{justify-content:flex-start;align-items:flex-end;}}<\/style>\n<div class=\"wp-block-kadence-advancedbtn kb-buttons-wrap kb-btns20_5f50e7-60\"><style>ul.menu .wp-block-kadence-advancedbtn .kb-btn20_e9ee44-3d.kb-button{width:initial;}<\/style><a class=\"kb-button kt-button button kb-btn20_e9ee44-3d kt-btn-size-standard kt-btn-width-type-auto kb-btn-global-inherit kt-btn-has-text-true kt-btn-has-svg-false  wp-block-button__link animated zoomInRight wp-block-kadence-singlebtn\" href=\"https:\/\/collectivimetre.org\/en\/forums\/\"><span class=\"kt-btn-inner-text\">Discuter maintenant<\/span><\/a><\/div>\n<\/div><\/div>\n\n<\/div><\/div>\n\n\n<p><\/p>","protected":false},"excerpt":{"rendered":"<p>Bienvenue dans le Forum de Collectivim\u00e8tre ! \ud83d\udde3\ufe0f&nbsp; Cet espace est fait pour toi. Discute, partage tes id\u00e9es, et fais entendre ta voix sur les sujets qui te tiennent \u00e0 c\u0153ur concernant la gestion de ta commune Forum Cet espace est fait pour toi. Ici, c\u2019est libre expression totale ! \ud83d\udcacQue tu aies une id\u00e9e&#8230;<\/p>","protected":false},"author":1,"featured_media":0,"parent":0,"menu_order":0,"comment_status":"closed","ping_status":"closed","template":"","meta":{"_bbp_topic_count":0,"_bbp_reply_count":0,"_bbp_total_topic_count":0,"_bbp_total_reply_count":0,"_bbp_voice_count":0,"_bbp_anonymous_reply_count":0,"_bbp_topic_count_hidden":0,"_bbp_reply_count_hidden":0,"_bbp_forum_subforum_count":0,"_kadence_starter_templates_imported_post":true,"_kad_post_transparent":"","_kad_post_title":"","_kad_post_layout":"","_kad_post_sidebar_id":"","_kad_post_content_style":"","_kad_post_vertical_padding":"","_kad_post_feature":"","_kad_post_feature_position":"","_kad_post_header":false,"_kad_post_footer":false,"footnotes":""},"class_list":["post-20","page","type-page","status-publish","hentry"],"_links":{"self":[{"href":"https:\/\/collectivimetre.org\/en\/wp-json\/wp\/v2\/pages\/20","targetHints":{"allow":["GET"]}}],"collection":[{"href":"https:\/\/collectivimetre.org\/en\/wp-json\/wp\/v2\/pages"}],"about":[{"href":"https:\/\/collectivimetre.org\/en\/wp-json\/wp\/v2\/types\/page"}],"author":[{"embeddable":true,"href":"https:\/\/collectivimetre.org\/en\/wp-json\/wp\/v2\/users\/1"}],"replies":[{"embeddable":true,"href":"https:\/\/collectivimetre.org\/en\/wp-json\/wp\/v2\/comments?post=20"}],"version-history":[{"count":10,"href":"https:\/\/collectivimetre.org\/en\/wp-json\/wp\/v2\/pages\/20\/revisions"}],"predecessor-version":[{"id":1600,"href":"https:\/\/collectivimetre.org\/en\/wp-json\/wp\/v2\/pages\/20\/revisions\/1600"}],"wp:attachment":[{"href":"https:\/\/collectivimetre.org\/en\/wp-json\/wp\/v2\/media?parent=20"}],"curies":[{"name":"wp","href":"https:\/\/api.w.org\/{rel}","templated":true}]}}