{"id":18,"date":"2021-10-12T15:21:05","date_gmt":"2021-10-12T15:21:05","guid":{"rendered":"https:\/\/startertemplatecloud.com\/g14\/?page_id=18"},"modified":"2024-12-19T14:07:36","modified_gmt":"2024-12-19T14:07:36","slug":"sondages","status":"publish","type":"page","link":"https:\/\/collectivimetre.org\/en\/sondages\/","title":{"rendered":"Surveys"},"content":{"rendered":"<style>.kb-row-layout-id18_163846-de > .kt-row-column-wrap{align-content:start;}:where(.kb-row-layout-id18_163846-de > .kt-row-column-wrap) > .wp-block-kadence-column{justify-content:start;}.kb-row-layout-id18_163846-de > .kt-row-column-wrap{column-gap:var(--global-kb-gap-md, 2rem);row-gap:var(--global-kb-gap-md, 2rem);max-width:var( --global-content-width, 1290px );padding-left:var(--global-content-edge-padding);padding-right:var(--global-content-edge-padding);padding-top:150px;padding-bottom:80px;grid-template-columns:minmax(0, 1fr);}.kb-row-layout-id18_163846-de{background-image:url('https:\/\/collectivimetre.org\/wp-content\/uploads\/2024\/09\/OXFAM-Zorgho-2023-4505-scaled.jpg');background-size:cover;background-position:50% 81%;background-attachment:scroll;background-repeat:no-repeat;}.kb-row-layout-id18_163846-de > .kt-row-layout-overlay{opacity:0.85;background-color:var(--global-palette9, #ffffff);}@media all and (max-width: 1024px){.kb-row-layout-id18_163846-de > .kt-row-column-wrap{grid-template-columns:minmax(0, 1fr);}}@media all and (max-width: 767px){.kb-row-layout-id18_163846-de > .kt-row-column-wrap{grid-template-columns:minmax(0, 1fr);}}<\/style><div class=\"kb-row-layout-wrap kb-row-layout-id18_163846-de alignnone kt-row-has-bg animated fadeIn wp-block-kadence-rowlayout\"><div class=\"kt-row-layout-overlay kt-row-overlay-normal\"><\/div><div class=\"kt-row-column-wrap kt-has-1-columns kt-row-layout-equal kt-tab-layout-inherit kt-mobile-layout-row kt-row-valign-top kb-theme-content-width\">\n<style>.kadence-column18_583d59-7a > .kt-inside-inner-col,.kadence-column18_583d59-7a > .kt-inside-inner-col:before{border-top-left-radius:0px;border-top-right-radius:0px;border-bottom-right-radius:0px;border-bottom-left-radius:0px;}.kadence-column18_583d59-7a > .kt-inside-inner-col{column-gap:var(--global-kb-gap-sm, 1rem);}.kadence-column18_583d59-7a > .kt-inside-inner-col{flex-direction:column;}.kadence-column18_583d59-7a > .kt-inside-inner-col > .aligncenter{width:100%;}.kadence-column18_583d59-7a > .kt-inside-inner-col:before{opacity:0.3;}.kadence-column18_583d59-7a{position:relative;}@media all and (max-width: 1024px){.kadence-column18_583d59-7a > .kt-inside-inner-col{flex-direction:column;justify-content:center;}}@media all and (max-width: 767px){.kadence-column18_583d59-7a > .kt-inside-inner-col{flex-direction:column;justify-content:center;}}<\/style>\n<div class=\"wp-block-kadence-column kadence-column18_583d59-7a inner-column-1\"><div class=\"kt-inside-inner-col\"><style>.wp-block-kadence-advancedheading.kt-adv-heading18_891a17-81, .wp-block-kadence-advancedheading.kt-adv-heading18_891a17-81[data-kb-block=\"kb-adv-heading18_891a17-81\"]{text-align:center;font-style:normal;}.wp-block-kadence-advancedheading.kt-adv-heading18_891a17-81 mark.kt-highlight, .wp-block-kadence-advancedheading.kt-adv-heading18_891a17-81[data-kb-block=\"kb-adv-heading18_891a17-81\"] mark.kt-highlight{font-style:normal;color:#f76a0c;-webkit-box-decoration-break:clone;box-decoration-break:clone;padding-top:0px;padding-right:0px;padding-bottom:0px;padding-left:0px;}<\/style>\n<h1 class=\"kt-adv-heading18_891a17-81 animated backInDown wp-block-kadence-advancedheading has-theme-palette-3-color has-text-color\" data-kb-block=\"kb-adv-heading18_891a17-81\">   Ton avis compte <\/h1>\n\n\n<style>.wp-block-kadence-advancedheading.kt-adv-heading18_b3e62f-36, .wp-block-kadence-advancedheading.kt-adv-heading18_b3e62f-36[data-kb-block=\"kb-adv-heading18_b3e62f-36\"]{text-align:center;font-style:normal;}.wp-block-kadence-advancedheading.kt-adv-heading18_b3e62f-36 mark.kt-highlight, .wp-block-kadence-advancedheading.kt-adv-heading18_b3e62f-36[data-kb-block=\"kb-adv-heading18_b3e62f-36\"] mark.kt-highlight{font-style:normal;color:#f76a0c;-webkit-box-decoration-break:clone;box-decoration-break:clone;padding-top:0px;padding-right:0px;padding-bottom:0px;padding-left:0px;}<\/style>\n<p class=\"kt-adv-heading18_b3e62f-36 wp-block-kadence-advancedheading has-theme-palette-4-color has-text-color\" data-kb-block=\"kb-adv-heading18_b3e62f-36\"><strong>Donne-le en r\u00e9pondant \u00e0 nos sondages rapides et interactifs. \ud83c\udfaf&nbsp;<\/strong><\/p>\n<\/div><\/div>\n\n<\/div><\/div>\n\n<style>.kb-row-layout-id18_660074-e0 > .kt-row-column-wrap{align-content:start;}:where(.kb-row-layout-id18_660074-e0 > .kt-row-column-wrap) > .wp-block-kadence-column{justify-content:start;}.kb-row-layout-id18_660074-e0 > .kt-row-column-wrap{column-gap:var(--global-kb-gap-md, 2rem);row-gap:var(--global-kb-gap-md, 2rem);max-width:var( --global-content-width, 1290px );padding-left:var(--global-content-edge-padding);padding-right:var(--global-content-edge-padding);padding-top:60px;padding-bottom:60px;grid-template-columns:minmax(0, 1fr);}.kb-row-layout-id18_660074-e0 > .kt-row-layout-overlay{opacity:0.30;}@media all and (max-width: 1024px){.kb-row-layout-id18_660074-e0 > .kt-row-column-wrap{grid-template-columns:minmax(0, 1fr);}}@media all and (max-width: 767px){.kb-row-layout-id18_660074-e0 > .kt-row-column-wrap{padding-right:var(--global-kb-spacing-xxs, 0.5rem);padding-left:var(--global-kb-spacing-xxs, 0.5rem);grid-template-columns:minmax(0, 1fr);}}<\/style><div class=\"kb-row-layout-wrap kb-row-layout-id18_660074-e0 alignnone has-theme-palette8-background-color kt-row-has-bg wp-block-kadence-rowlayout\"><div class=\"kt-row-column-wrap kt-has-1-columns kt-row-layout-equal kt-tab-layout-inherit kt-mobile-layout-row kt-row-valign-top kb-theme-content-width\">\n<style>.kadence-column18_ab0863-fc > .kt-inside-inner-col,.kadence-column18_ab0863-fc > .kt-inside-inner-col:before{border-top-left-radius:0px;border-top-right-radius:0px;border-bottom-right-radius:0px;border-bottom-left-radius:0px;}.kadence-column18_ab0863-fc > .kt-inside-inner-col{column-gap:var(--global-kb-gap-sm, 1rem);}.kadence-column18_ab0863-fc > .kt-inside-inner-col{flex-direction:column;}.kadence-column18_ab0863-fc > .kt-inside-inner-col > .aligncenter{width:100%;}.kadence-column18_ab0863-fc > .kt-inside-inner-col:before{opacity:0.3;}.kadence-column18_ab0863-fc{position:relative;}@media all and (max-width: 1024px){.kadence-column18_ab0863-fc > .kt-inside-inner-col{flex-direction:column;justify-content:center;}}@media all and (max-width: 767px){.kadence-column18_ab0863-fc > .kt-inside-inner-col{flex-direction:column;justify-content:center;}}<\/style>\n<div class=\"wp-block-kadence-column kadence-column18_ab0863-fc inner-column-1\"><div class=\"kt-inside-inner-col\"><style>.wp-block-kadence-advancedheading.kt-adv-heading18_621538-de, .wp-block-kadence-advancedheading.kt-adv-heading18_621538-de[data-kb-block=\"kb-adv-heading18_621538-de\"]{font-style:normal;}.wp-block-kadence-advancedheading.kt-adv-heading18_621538-de mark.kt-highlight, .wp-block-kadence-advancedheading.kt-adv-heading18_621538-de[data-kb-block=\"kb-adv-heading18_621538-de\"] mark.kt-highlight{font-style:normal;color:#f76a0c;-webkit-box-decoration-break:clone;box-decoration-break:clone;padding-top:0px;padding-right:0px;padding-bottom:0px;padding-left:0px;}<\/style>\n<h6 class=\"kt-adv-heading18_621538-de wp-block-kadence-advancedheading has-theme-palette-6-color has-text-color\" data-kb-block=\"kb-adv-heading18_621538-de\">Surveys<\/h6>\n\n\n<style>.wp-block-kadence-advancedheading.kt-adv-heading18_a91c30-26, .wp-block-kadence-advancedheading.kt-adv-heading18_a91c30-26[data-kb-block=\"kb-adv-heading18_a91c30-26\"]{font-style:normal;}.wp-block-kadence-advancedheading.kt-adv-heading18_a91c30-26 mark.kt-highlight, .wp-block-kadence-advancedheading.kt-adv-heading18_a91c30-26[data-kb-block=\"kb-adv-heading18_a91c30-26\"] mark.kt-highlight{font-style:normal;color:#f76a0c;-webkit-box-decoration-break:clone;box-decoration-break:clone;padding-top:0px;padding-right:0px;padding-bottom:0px;padding-left:0px;}<\/style>\n<h2 class=\"kt-adv-heading18_a91c30-26 animated bounceIn wp-block-kadence-advancedheading has-theme-palette-3-color has-text-color\" data-kb-block=\"kb-adv-heading18_a91c30-26\">Bienvenue dans la section Sondage de Collectivim\u00e8tre.<\/h2>\n\n\n<style>.wp-block-kadence-advancedheading.kt-adv-heading18_c59181-c1, .wp-block-kadence-advancedheading.kt-adv-heading18_c59181-c1[data-kb-block=\"kb-adv-heading18_c59181-c1\"]{font-style:normal;}.wp-block-kadence-advancedheading.kt-adv-heading18_c59181-c1 mark.kt-highlight, .wp-block-kadence-advancedheading.kt-adv-heading18_c59181-c1[data-kb-block=\"kb-adv-heading18_c59181-c1\"] mark.kt-highlight{font-style:normal;color:#f76a0c;-webkit-box-decoration-break:clone;box-decoration-break:clone;padding-top:0px;padding-right:0px;padding-bottom:0px;padding-left:0px;}<\/style>\n<p class=\"kt-adv-heading18_c59181-c1 wp-block-kadence-advancedheading has-theme-palette-4-color has-text-color\" data-kb-block=\"kb-adv-heading18_c59181-c1\">tu peux donner ton avis sur les questions importantes pour ta commune. \ud83c\udfd8\ufe0f Tes r\u00e9ponses nous aident \u00e0 mieux comprendre les besoins et attentes des citoyens comme toi.<br><strong>Participe, c\u2019est rapide et impactant !<\/strong> \ud83d\udca5<br>Chaque sondage est une opportunit\u00e9 de te faire entendre, d\u2019influencer les d\u00e9cisions locales et de contribuer \u00e0 une meilleure gouvernance. Alors, pr\u00eat \u00e0 faire bouger les choses ? \ud83c\udfaf<br><strong>Ton opinion, c\u2019est notre boussole !<\/strong> \ud83e\udded<\/p>\n<\/div><\/div>\n\n<\/div><\/div>\n\n<div class='fluentform ff-default fluentform_wrapper_5 ffs_default_wrap'><form data-form_id=\"5\" id=\"fluentform_5\" class=\"frm-fluent-form fluent_form_5 ff-el-form-top ff_form_instance_5_1 ff-form-loading ffs_default\" data-form_instance=\"ff_form_instance_5_1\" method=\"POST\" action=\"\" ><fieldset  style=\"border: none!important;margin: 0!important;padding: 0!important;background-color: transparent!important;box-shadow: none!important;outline: none!important; min-inline-size: 100%;\">\n                    <legend class=\"ff_screen_reader_title\" style=\"display: block; margin: 0!important;padding: 0!important;height: 0!important;text-indent: -999999px;width: 0!important;overflow:hidden;\">Blank Form (#5)<\/legend><input type='hidden' name='__fluent_form_embded_post_id' value='18' \/><input type=\"hidden\" id=\"_fluentform_5_fluentformnonce\" name=\"_fluentform_5_fluentformnonce\" value=\"227b4bb031\" \/><input type=\"hidden\" name=\"_wp_http_referer\" value=\"\/en\/wp-json\/wp\/v2\/pages\/18\" \/><div data-type=\"name-element\" data-name=\"names\" class=\"ff-field_container ff-name-field-wrapper\" ><div class='ff-t-container'><div class='ff-t-cell'><div class='ff-el-group ff-el-form-top'><div class=\"ff-el-input--label asterisk-right\"><label for='ff_5_names_first_name_' >Pr\u00e9nom<\/label><\/div><div class='ff-el-input--content'><input type=\"text\" name=\"names[first_name]\" id=\"ff_5_names_first_name_\" class=\"ff-el-form-control\" placeholder=\"Saisissez votre pr\u00e9nom\" aria-invalid=\"false\" aria-required=\"false\"><\/div><\/div><\/div><div class='ff-t-cell'><div class='ff-el-group ff-el-form-top'><div class=\"ff-el-input--label asterisk-right\"><label for='ff_5_names_last_name_' >Nom de famille<\/label><\/div><div class='ff-el-input--content'><input type=\"text\" name=\"names[last_name]\" id=\"ff_5_names_last_name_\" class=\"ff-el-form-control\" placeholder=\"Saisissez votre nom de famille\" aria-invalid=\"false\" aria-required=\"false\"><\/div><\/div><\/div><\/div><\/div><div class='ff-el-group'><div class=\"ff-el-input--label asterisk-right\"><label for='ff_5_input_text' aria-label=\"Commune\">Commune<\/label><\/div><div class='ff-el-input--content'><input type=\"text\" name=\"input_text\" class=\"ff-el-form-control\" data-name=\"input_text\" id=\"ff_5_input_text\"  aria-invalid=\"false\" aria-required=\"false\"><\/div><\/div><div class='ff-el-group'><div class=\"ff-el-input--label asterisk-right\"><label for='ff_5_input_text_1' aria-label=\"Redevabilit\u00e9 sectorielle : Education : Nombre de projets d&#039;investissement pr\u00e9vu sur fond minier en 2024\">Redevabilit\u00e9 sectorielle : Education : Nombre de projets d'investissement pr\u00e9vu sur fond minier en 2024<\/label><\/div><div class='ff-el-input--content'><input type=\"text\" name=\"input_text_1\" class=\"ff-el-form-control\" data-name=\"input_text_1\" id=\"ff_5_input_text_1\"  aria-invalid=\"false\" aria-required=\"false\"><\/div><\/div><div class='ff-el-group'><div class=\"ff-el-input--label asterisk-right\"><label for='ff_5_input_text_2' aria-label=\"Redevabilit\u00e9 sectorielle : Eduction : Nombre de projets d&#039;investissement effectivement realis\u00e9s sur fond minier en 2024\">Redevabilit\u00e9 sectorielle : Eduction : Nombre de projets d'investissement effectivement realis\u00e9s sur fond minier en 2024<\/label><\/div><div class='ff-el-input--content'><input type=\"text\" name=\"input_text_2\" class=\"ff-el-form-control\" data-name=\"input_text_2\" id=\"ff_5_input_text_2\"  aria-invalid=\"false\" aria-required=\"false\"><\/div><\/div><div class='ff-el-group ff-text-left ff_submit_btn_wrapper'><button type=\"submit\" class=\"ff-btn ff-btn-submit ff-btn-md ff_btn_style\" >ENVOYER<\/button><\/div><\/fieldset><input type=\"hidden\" name=\"trp-form-language\" value=\"en\"\/><\/form><div id='fluentform_5_errors' class='ff-errors-in-stack ff_form_instance_5_1 ff-form-loading_errors ff_form_instance_5_1_errors'><\/div><\/div>        <script type=\"text\/javascript\">\n            window.fluent_form_ff_form_instance_5_1 = {\"id\":\"5\",\"settings\":{\"layout\":{\"labelPlacement\":\"top\",\"helpMessagePlacement\":\"with_label\",\"errorMessagePlacement\":\"inline\"},\"restrictions\":{\"denyEmptySubmission\":{\"enabled\":false}}},\"form_instance\":\"ff_form_instance_5_1\",\"form_id_selector\":\"fluentform_5\",\"rules\":{\"names[first_name]\":{\"required\":{\"value\":false,\"message\":\"Ce champ est obligatoire\",\"global_message\":\"Ce champ est obligatoire\",\"global\":true}},\"names[middle_name]\":{\"required\":{\"value\":false,\"message\":\"Ce champ est obligatoire\",\"global_message\":\"Ce champ est obligatoire\",\"global\":true}},\"names[last_name]\":{\"required\":{\"value\":false,\"message\":\"Ce champ est obligatoire\",\"global_message\":\"Ce champ est obligatoire\",\"global\":true}},\"input_text\":{\"required\":{\"value\":false,\"message\":\"Ce champ est obligatoire\",\"global_message\":\"Ce champ est obligatoire\",\"global\":true}},\"input_text_1\":{\"required\":{\"value\":false,\"message\":\"Ce champ est obligatoire\",\"global_message\":\"Ce champ est obligatoire\",\"global\":true}},\"input_text_2\":{\"required\":{\"value\":false,\"message\":\"Ce champ est obligatoire\",\"global_message\":\"Ce champ est obligatoire\",\"global\":true}}},\"debounce_time\":300};\n                    <\/script>\n        \n\n\n\n<p><\/p>","protected":false},"excerpt":{"rendered":"<p>Ton avis compte Donne-le en r\u00e9pondant \u00e0 nos sondages rapides et interactifs. \ud83c\udfaf&nbsp; Sondages Bienvenue dans la section Sondage de Collectivim\u00e8tre. tu peux donner ton avis sur les questions importantes pour ta commune. \ud83c\udfd8\ufe0f Tes r\u00e9ponses nous aident \u00e0 mieux comprendre les besoins et attentes des citoyens comme toi.Participe, c\u2019est rapide et impactant ! \ud83d\udca5Chaque&#8230;<\/p>","protected":false},"author":1,"featured_media":0,"parent":0,"menu_order":0,"comment_status":"closed","ping_status":"closed","template":"","meta":{"_bbp_topic_count":0,"_bbp_reply_count":0,"_bbp_total_topic_count":0,"_bbp_total_reply_count":0,"_bbp_voice_count":0,"_bbp_anonymous_reply_count":0,"_bbp_topic_count_hidden":0,"_bbp_reply_count_hidden":0,"_bbp_forum_subforum_count":0,"_kadence_starter_templates_imported_post":true,"_kad_post_transparent":"","_kad_post_title":"","_kad_post_layout":"","_kad_post_sidebar_id":"","_kad_post_content_style":"","_kad_post_vertical_padding":"","_kad_post_feature":"","_kad_post_feature_position":"","_kad_post_header":false,"_kad_post_footer":false,"footnotes":""},"class_list":["post-18","page","type-page","status-publish","hentry"],"_links":{"self":[{"href":"https:\/\/collectivimetre.org\/en\/wp-json\/wp\/v2\/pages\/18","targetHints":{"allow":["GET"]}}],"collection":[{"href":"https:\/\/collectivimetre.org\/en\/wp-json\/wp\/v2\/pages"}],"about":[{"href":"https:\/\/collectivimetre.org\/en\/wp-json\/wp\/v2\/types\/page"}],"author":[{"embeddable":true,"href":"https:\/\/collectivimetre.org\/en\/wp-json\/wp\/v2\/users\/1"}],"replies":[{"embeddable":true,"href":"https:\/\/collectivimetre.org\/en\/wp-json\/wp\/v2\/comments?post=18"}],"version-history":[{"count":9,"href":"https:\/\/collectivimetre.org\/en\/wp-json\/wp\/v2\/pages\/18\/revisions"}],"predecessor-version":[{"id":3771,"href":"https:\/\/collectivimetre.org\/en\/wp-json\/wp\/v2\/pages\/18\/revisions\/3771"}],"wp:attachment":[{"href":"https:\/\/collectivimetre.org\/en\/wp-json\/wp\/v2\/media?parent=18"}],"curies":[{"name":"wp","href":"https:\/\/api.w.org\/{rel}","templated":true}]}}